{"id":12852,"date":"2026-02-25T10:19:56","date_gmt":"2026-02-25T09:19:56","guid":{"rendered":"https:\/\/desarrollo7.optimaweb.es\/politica-de-redes-sociales\/"},"modified":"2026-04-27T08:53:44","modified_gmt":"2026-04-27T06:53:44","slug":"politica-de-redes-sociales","status":"publish","type":"page","link":"https:\/\/desarrollo7.optimaweb.es\/fr\/politica-de-redes-sociales\/","title":{"rendered":"Politique des R\u00e9seaux Sociaux"},"content":{"rendered":"\t\t<div data-elementor-type=\"wp-page\" data-elementor-id=\"12852\" class=\"elementor elementor-12852 elementor-10527\" data-elementor-post-type=\"page\">\n\t\t\t\t<div class=\"elementor-element elementor-element-dc8263a e-flex e-con-boxed e-con e-parent\" data-id=\"dc8263a\" data-element_type=\"container\" data-e-type=\"container\">\n\t\t\t\t\t<div class=\"e-con-inner\">\n\t\t\t\t<div class=\"elementor-element elementor-element-036e5df elementor-widget elementor-widget-heading\" data-id=\"036e5df\" data-element_type=\"widget\" data-e-type=\"widget\" data-widget_type=\"heading.default\">\n\t\t\t\t<div class=\"elementor-widget-container\">\n\t\t\t\t\t<h1 class=\"elementor-heading-title elementor-size-default\">Politique des r\u00e9seaux sociaux<\/h1>\t\t\t\t<\/div>\n\t\t\t\t<\/div>\n\t\t<div class=\"elementor-element elementor-element-ee281a8 e-con-full e-flex e-con e-child\" data-id=\"ee281a8\" data-element_type=\"container\" data-e-type=\"container\">\n\t\t\t\t<div class=\"elementor-element elementor-element-78846bc elementor-widget elementor-widget-text-editor\" data-id=\"78846bc\" data-element_type=\"widget\" data-e-type=\"widget\" data-widget_type=\"text-editor.default\">\n\t\t\t\t<div class=\"elementor-widget-container\">\n\t\t\t\t\t\t\t\t\t<p>Conform\u00e9ment au R\u00c8GLEMENT (UE) 2016\/679 du Parlement europ\u00e9en et du Conseil du 27 avril 2016 relatif \u00e0 la protection des personnes physiques \u00e0 l&rsquo;\u00e9gard du traitement des donn\u00e9es \u00e0 caract\u00e8re personnel, \u00e0 la Loi Organique 3\/2018 du 5 d\u00e9cembre sur la protection des donn\u00e9es personnelles et la garantie des droits num\u00e9riques, et \u00e0 la Loi 34\/2002 du 11 juillet sur les services de la soci\u00e9t\u00e9 de l&rsquo;information et le commerce \u00e9lectronique (LSSI-CE), JUNYENT ESTUDI DENTAL, S.L., ci-apr\u00e8s (JUNYENT ESTUDI), informe les utilisateurs qu&rsquo;elle a cr\u00e9\u00e9 un profil sur les r\u00e9seaux sociaux dans le but principal de promouvoir ses produits et services.<\/p>\t\t\t\t\t\t\t\t<\/div>\n\t\t\t\t<\/div>\n\t\t\t\t<div class=\"elementor-element elementor-element-5881baf elementor-widget elementor-widget-heading\" data-id=\"5881baf\" data-element_type=\"widget\" data-e-type=\"widget\" data-widget_type=\"heading.default\">\n\t\t\t\t<div class=\"elementor-widget-container\">\n\t\t\t\t\t<h2 class=\"elementor-heading-title elementor-size-default\">Coordonn\u00e9es de Junyent Estudi Dental, S.L. :\n<\/h2>\t\t\t\t<\/div>\n\t\t\t\t<\/div>\n\t\t\t\t<div class=\"elementor-element elementor-element-250b7b8 elementor-widget elementor-widget-text-editor\" data-id=\"250b7b8\" data-element_type=\"widget\" data-e-type=\"widget\" data-widget_type=\"text-editor.default\">\n\t\t\t\t<div class=\"elementor-widget-container\">\n\t\t\t\t\t\t\t\t\t<p>B67992354<br>C\/ Abat Oliba, n.\u00ba 62 bajos, 08242 Manresa \u2013 Barcelone <br>T\u00e9l\u00e9phone : 935242524<br><a href=\"mailto:info@junyentestudidental.com\">info@junyentestudidental.com<\/a> <br><a href=\"https:\/\/desarrollo7.optimaweb.es\/fr\/\">www.junyentestudidental.com<\/a> <\/p>\t\t\t\t\t\t\t\t<\/div>\n\t\t\t\t<\/div>\n\t\t\t\t<div class=\"elementor-element elementor-element-27bb10f elementor-widget elementor-widget-text-editor\" data-id=\"27bb10f\" data-element_type=\"widget\" data-e-type=\"widget\" data-widget_type=\"text-editor.default\">\n\t\t\t\t<div class=\"elementor-widget-container\">\n\t\t\t\t\t\t\t\t\t<p>L&rsquo;utilisateur dispose d&rsquo;un profil sur le m\u00eame r\u00e9seau social et a d\u00e9cid\u00e9 de rejoindre la page cr\u00e9\u00e9e par JUNYENT ESTUDI, manifestant ainsi son int\u00e9r\u00eat pour les informations qui y sont publi\u00e9es. En rejoignant notre page, l&rsquo;utilisateur nous donne son consentement pour le traitement des donn\u00e9es personnelles publi\u00e9es sur son profil. <\/p>\t\t\t\t\t\t\t\t<\/div>\n\t\t\t\t<\/div>\n\t\t\t\t<div class=\"elementor-element elementor-element-e3f170b elementor-widget elementor-widget-text-editor\" data-id=\"e3f170b\" data-element_type=\"widget\" data-e-type=\"widget\" data-widget_type=\"text-editor.default\">\n\t\t\t\t<div class=\"elementor-widget-container\">\n\t\t\t\t\t\t\t\t\t<p>L&rsquo;utilisateur peut \u00e0 tout moment acc\u00e9der aux politiques de confidentialit\u00e9 du r\u00e9seau social lui-m\u00eame, ainsi que configurer son profil pour garantir sa confidentialit\u00e9.<\/p>\t\t\t\t\t\t\t\t<\/div>\n\t\t\t\t<\/div>\n\t\t\t\t<div class=\"elementor-element elementor-element-d50d944 elementor-widget elementor-widget-text-editor\" data-id=\"d50d944\" data-element_type=\"widget\" data-e-type=\"widget\" data-widget_type=\"text-editor.default\">\n\t\t\t\t<div class=\"elementor-widget-container\">\n\t\t\t\t\t\t\t\t\t<p>JUNYENT ESTUDI a acc\u00e8s et traite les informations publiques de l&rsquo;utilisateur, en particulier son nom de contact. Ces donn\u00e9es ne sont utilis\u00e9es que dans le cadre du r\u00e9seau social et ne sont en aucun cas int\u00e9gr\u00e9es \u00e0 un fichier sans avoir pr\u00e9alablement sollicit\u00e9 le consentement expr\u00e8s de la personne concern\u00e9e. <\/p>\t\t\t\t\t\t\t\t<\/div>\n\t\t\t\t<\/div>\n\t\t\t\t<div class=\"elementor-element elementor-element-1dbad77 elementor-widget elementor-widget-text-editor\" data-id=\"1dbad77\" data-element_type=\"widget\" data-e-type=\"widget\" data-widget_type=\"text-editor.default\">\n\t\t\t\t<div class=\"elementor-widget-container\">\n\t\t\t\t\t\t\t\t\t<p>Concernant les droits d&rsquo;acc\u00e8s, de rectification, d&rsquo;annulation et d&rsquo;opposition dont vous disposez et qui peuvent \u00eatre exerc\u00e9s aupr\u00e8s de JUNYENT ESTUDI, conform\u00e9ment au R\u00c8GLEMENT (UE) 2016\/679 du Parlement europ\u00e9en du 27 avril 2016, vous devez tenir compte du fait que, en raison de la fonctionnalit\u00e9 m\u00eame des r\u00e9seaux sociaux, vous devrez normalement exercer vos droits aupr\u00e8s du r\u00e9seau social lui-m\u00eame.<\/p>\t\t\t\t\t\t\t\t<\/div>\n\t\t\t\t<\/div>\n\t\t\t\t<div class=\"elementor-element elementor-element-bf64964 elementor-widget elementor-widget-text-editor\" data-id=\"bf64964\" data-element_type=\"widget\" data-e-type=\"widget\" data-widget_type=\"text-editor.default\">\n\t\t\t\t<div class=\"elementor-widget-container\">\n\t\t\t\t\t\t\t\t\t<p>JUNYENT ESTUDI r\u00e9alisera les actions suivantes :<\/p>\t\t\t\t\t\t\t\t<\/div>\n\t\t\t\t<\/div>\n\t\t\t\t<div class=\"elementor-element elementor-element-68f8054 elementor-widget elementor-widget-text-editor\" data-id=\"68f8054\" data-element_type=\"widget\" data-e-type=\"widget\" data-widget_type=\"text-editor.default\">\n\t\t\t\t<div class=\"elementor-widget-container\">\n\t\t\t\t\t\t\t\t\t<ul><li>Acc\u00e8s aux informations publiques du profil.<\/li><li>Publication sur le profil de l&rsquo;utilisateur de toutes les informations d\u00e9j\u00e0 publi\u00e9es sur la page de JUNYENT ESTUDI.<\/li><li>Envoi de messages personnels et individuels via les canaux du r\u00e9seau social.<\/li><li>Mises \u00e0 jour du statut de la page qui seront publi\u00e9es sur le profil de l&rsquo;utilisateur.<\/li><\/ul>\t\t\t\t\t\t\t\t<\/div>\n\t\t\t\t<\/div>\n\t\t\t\t<div class=\"elementor-element elementor-element-eeb7aa1 elementor-widget elementor-widget-text-editor\" data-id=\"eeb7aa1\" data-element_type=\"widget\" data-e-type=\"widget\" data-widget_type=\"text-editor.default\">\n\t\t\t\t<div class=\"elementor-widget-container\">\n\t\t\t\t\t\t\t\t\t<p>L&rsquo;utilisateur peut toujours contr\u00f4ler ses connexions, supprimer les contenus qui ne l&rsquo;int\u00e9ressent plus et restreindre avec qui il partage ses connexions ; pour cela, il devra acc\u00e9der \u00e0 ses param\u00e8tres de confidentialit\u00e9.<\/p>\t\t\t\t\t\t\t\t<\/div>\n\t\t\t\t<\/div>\n\t\t\t\t<div class=\"elementor-element elementor-element-de816b3 elementor-widget elementor-widget-heading\" data-id=\"de816b3\" data-element_type=\"widget\" data-e-type=\"widget\" data-widget_type=\"heading.default\">\n\t\t\t\t<div class=\"elementor-widget-container\">\n\t\t\t\t\t<h2 class=\"elementor-heading-title elementor-size-default\">Donn\u00e9es des mineurs\n<\/h2>\t\t\t\t<\/div>\n\t\t\t\t<\/div>\n\t\t\t\t<div class=\"elementor-element elementor-element-28eab1a elementor-widget elementor-widget-text-editor\" data-id=\"28eab1a\" data-element_type=\"widget\" data-e-type=\"widget\" data-widget_type=\"text-editor.default\">\n\t\t\t\t<div class=\"elementor-widget-container\">\n\t\t\t\t\t\t\t\t\t<p>L&rsquo;acc\u00e8s et l&rsquo;inscription \u00e0 ce r\u00e9seau social sont interdits aux mineurs de moins de 14 ans. L&rsquo;acc\u00e8s au site officiel de JUNYENT ESTUDI est \u00e9galement interdit aux mineurs de moins de 14 ans. Par ailleurs, si l&rsquo;utilisateur ne remplit pas cette condition, JUNYENT ESTUDI l&rsquo;informe de la n\u00e9cessit\u00e9 d&rsquo;obtenir l&rsquo;autorisation de ses parents, tuteurs ou repr\u00e9sentants l\u00e9gaux pour acc\u00e9der et utiliser le site officiel de JUNYENT ESTUDI.  <\/p>\t\t\t\t\t\t\t\t<\/div>\n\t\t\t\t<\/div>\n\t\t\t\t<div class=\"elementor-element elementor-element-7d0f9dd elementor-widget elementor-widget-text-editor\" data-id=\"7d0f9dd\" data-element_type=\"widget\" data-e-type=\"widget\" data-widget_type=\"text-editor.default\">\n\t\t\t\t<div class=\"elementor-widget-container\">\n\t\t\t\t\t\t\t\t\t<p>JUNYENT ESTUDI est exon\u00e9r\u00e9 de toute responsabilit\u00e9 d\u00e9coulant de l&rsquo;utilisation de son site officiel par des mineurs ou des utilisateurs ne remplissant pas les conditions susmentionn\u00e9es, leurs repr\u00e9sentants l\u00e9gaux \u00e9tant, en tout \u00e9tat de cause, les seuls responsables.<\/p>\t\t\t\t\t\t\t\t<\/div>\n\t\t\t\t<\/div>\n\t\t\t\t<div class=\"elementor-element elementor-element-473391e elementor-widget elementor-widget-heading\" data-id=\"473391e\" data-element_type=\"widget\" data-e-type=\"widget\" data-widget_type=\"heading.default\">\n\t\t\t\t<div class=\"elementor-widget-container\">\n\t\t\t\t\t<h2 class=\"elementor-heading-title elementor-size-default\">Publications\n<\/h2>\t\t\t\t<\/div>\n\t\t\t\t<\/div>\n\t\t\t\t<div class=\"elementor-element elementor-element-d1c2bbf elementor-widget elementor-widget-text-editor\" data-id=\"d1c2bbf\" data-element_type=\"widget\" data-e-type=\"widget\" data-widget_type=\"text-editor.default\">\n\t\t\t\t<div class=\"elementor-widget-container\">\n\t\t\t\t\t\t\t\t\t<p>Une fois l&rsquo;utilisateur abonn\u00e9 \u00e0 la page de JUNYENT ESTUDI, il pourra y publier des commentaires, des liens, des images ou des photographies ou tout autre type de contenu multim\u00e9dia pris en charge par le r\u00e9seau social. L&rsquo;utilisateur doit, dans tous les cas, en \u00eatre le titulaire, jouir des droits d&rsquo;auteur et de propri\u00e9t\u00e9 intellectuelle ou disposer du consentement des tiers concern\u00e9s. Toute publication sur la page, qu&rsquo;il s&rsquo;agisse de textes, de graphiques, de photographies, de vid\u00e9os, etc., qui porte atteinte ou est susceptible de porter atteinte \u00e0 la morale, \u00e0 l&rsquo;\u00e9thique, au bon go\u00fbt ou \u00e0 la biens\u00e9ance, et\/ou qui enfreint, viole ou transgresse les droits de propri\u00e9t\u00e9 intellectuelle ou industrielle, le droit \u00e0 l&rsquo;image ou la loi, est express\u00e9ment interdite. Dans ces cas, JUNYENT ESTUDI se r\u00e9serve le droit de retirer imm\u00e9diatement le contenu et de demander le blocage permanent de l&rsquo;utilisateur.   <\/p>\t\t\t\t\t\t\t\t<\/div>\n\t\t\t\t<\/div>\n\t\t\t\t<div class=\"elementor-element elementor-element-e2b0205 elementor-widget elementor-widget-text-editor\" data-id=\"e2b0205\" data-element_type=\"widget\" data-e-type=\"widget\" data-widget_type=\"text-editor.default\">\n\t\t\t\t<div class=\"elementor-widget-container\">\n\t\t\t\t\t\t\t\t\t<p>JUNYENT ESTUDI ne sera pas responsable des contenus librement publi\u00e9s par un utilisateur.<\/p>\t\t\t\t\t\t\t\t<\/div>\n\t\t\t\t<\/div>\n\t\t\t\t<div class=\"elementor-element elementor-element-951b4cf elementor-widget elementor-widget-text-editor\" data-id=\"951b4cf\" data-element_type=\"widget\" data-e-type=\"widget\" data-widget_type=\"text-editor.default\">\n\t\t\t\t<div class=\"elementor-widget-container\">\n\t\t\t\t\t\t\t\t\t<p>L&rsquo;utilisateur doit garder \u00e0 l&rsquo;esprit que ses publications seront connues des autres utilisateurs, il est donc le principal responsable de sa confidentialit\u00e9.<\/p>\t\t\t\t\t\t\t\t<\/div>\n\t\t\t\t<\/div>\n\t\t\t\t<div class=\"elementor-element elementor-element-003f419 elementor-widget elementor-widget-text-editor\" data-id=\"003f419\" data-element_type=\"widget\" data-e-type=\"widget\" data-widget_type=\"text-editor.default\">\n\t\t\t\t<div class=\"elementor-widget-container\">\n\t\t\t\t\t\t\t\t\t<p>Les images pouvant \u00eatre publi\u00e9es sur la page ne seront stock\u00e9es dans aucun fichier par JUNYENT ESTUDI, mais elles resteront sur le r\u00e9seau social.<\/p>\t\t\t\t\t\t\t\t<\/div>\n\t\t\t\t<\/div>\n\t\t\t\t<div class=\"elementor-element elementor-element-252ac84 elementor-widget elementor-widget-heading\" data-id=\"252ac84\" data-element_type=\"widget\" data-e-type=\"widget\" data-widget_type=\"heading.default\">\n\t\t\t\t<div class=\"elementor-widget-container\">\n\t\t\t\t\t<h2 class=\"elementor-heading-title elementor-size-default\">Concours et promotions\n<\/h2>\t\t\t\t<\/div>\n\t\t\t\t<\/div>\n\t\t\t\t<div class=\"elementor-element elementor-element-4202ec1 elementor-widget elementor-widget-text-editor\" data-id=\"4202ec1\" data-element_type=\"widget\" data-e-type=\"widget\" data-widget_type=\"text-editor.default\">\n\t\t\t\t<div class=\"elementor-widget-container\">\n\t\t\t\t\t\t\t\t\t<p>JUNYENT ESTUDI se r\u00e9serve le droit d&rsquo;organiser des concours et des promotions, auxquels l&rsquo;utilisateur abonn\u00e9 \u00e0 sa page pourra participer. Les bases de chacun d&rsquo;eux, lorsqu&rsquo;ils utiliseront la plateforme du r\u00e9seau social \u00e0 cette fin, seront publi\u00e9es sur celle-ci. Toujours en conformit\u00e9 avec la LSSI-CE et toute autre norme applicable.  <\/p>\t\t\t\t\t\t\t\t<\/div>\n\t\t\t\t<\/div>\n\t\t\t\t<div class=\"elementor-element elementor-element-bf39ea9 elementor-widget elementor-widget-text-editor\" data-id=\"bf39ea9\" data-element_type=\"widget\" data-e-type=\"widget\" data-widget_type=\"text-editor.default\">\n\t\t\t\t<div class=\"elementor-widget-container\">\n\t\t\t\t\t\t\t\t\t<p>Le r\u00e9seau social ne parraine, n&rsquo;approuve ni n&rsquo;administre, de quelque mani\u00e8re que ce soit, aucune de nos promotions, et n&rsquo;est associ\u00e9 \u00e0 aucune d&rsquo;entre elles.<\/p>\t\t\t\t\t\t\t\t<\/div>\n\t\t\t\t<\/div>\n\t\t\t\t<div class=\"elementor-element elementor-element-b2a8d43 elementor-widget elementor-widget-heading\" data-id=\"b2a8d43\" data-element_type=\"widget\" data-e-type=\"widget\" data-widget_type=\"heading.default\">\n\t\t\t\t<div class=\"elementor-widget-container\">\n\t\t\t\t\t<h2 class=\"elementor-heading-title elementor-size-default\">Publicit\u00e9<\/h2>\t\t\t\t<\/div>\n\t\t\t\t<\/div>\n\t\t\t\t<div class=\"elementor-element elementor-element-b4bb189 elementor-widget elementor-widget-text-editor\" data-id=\"b4bb189\" data-element_type=\"widget\" data-e-type=\"widget\" data-widget_type=\"text-editor.default\">\n\t\t\t\t<div class=\"elementor-widget-container\">\n\t\t\t\t\t\t\t\t\t<p>JUNYENT ESTUDI utilisera le r\u00e9seau social pour promouvoir ses produits et services. Dans tous les cas, si elle d\u00e9cide de traiter vos donn\u00e9es de contact pour des actions de prospection commerciale directe, ce sera toujours en conformit\u00e9 avec les exigences l\u00e9gales du RGPD, de la LOPDGDD et de la LSSI-CE.<\/p>\t\t\t\t\t\t\t\t<\/div>\n\t\t\t\t<\/div>\n\t\t\t\t<div class=\"elementor-element elementor-element-d5bccfc elementor-widget elementor-widget-text-editor\" data-id=\"d5bccfc\" data-element_type=\"widget\" data-e-type=\"widget\" data-widget_type=\"text-editor.default\">\n\t\t\t\t<div class=\"elementor-widget-container\">\n\t\t\t\t\t\t\t\t\t<p>Le fait de recommander la page de JUNYENT ESTUDI \u00e0 d&rsquo;autres utilisateurs afin qu&rsquo;ils puissent \u00e9galement profiter des promotions ou \u00eatre inform\u00e9s de son activit\u00e9 ne sera pas consid\u00e9r\u00e9 comme de la publicit\u00e9.<\/p>\t\t\t\t\t\t\t\t<\/div>\n\t\t\t\t<\/div>\n\t\t\t\t<div class=\"elementor-element elementor-element-68f0d66 elementor-widget elementor-widget-text-editor\" data-id=\"68f0d66\" data-element_type=\"widget\" data-e-type=\"widget\" data-widget_type=\"text-editor.default\">\n\t\t\t\t<div class=\"elementor-widget-container\">\n\t\t\t\t\t\t\t\t\t<p>Vous trouverez ci-dessous le lien vers la politique de confidentialit\u00e9 du r\u00e9seau social :<\/p>\t\t\t\t\t\t\t\t<\/div>\n\t\t\t\t<\/div>\n\t\t\t\t<div class=\"elementor-element elementor-element-7e7147c elementor-widget elementor-widget-text-editor\" data-id=\"7e7147c\" data-element_type=\"widget\" data-e-type=\"widget\" data-widget_type=\"text-editor.default\">\n\t\t\t\t<div class=\"elementor-widget-container\">\n\t\t\t\t\t\t\t\t\t<p>Facebook : <a href=\"https:\/\/www.facebook.com\/JunientEstudiDental\" rel=\"nofollow noopener\" target=\"_blank\">https:\/\/www.facebook.com\/JunientEstudiDental<\/a>  <\/p><p>Instagram : <a href=\"https:\/\/www.instagram.com\/junyent_estudidental\/\" rel=\"nofollow noopener\" target=\"_blank\">https:\/\/www.instagram.com\/junyent_estudidental\/<\/a> <\/p><p>YouTube : <a href=\"https:\/\/www.facebook.com\/JunientEstudiDental\" rel=\"nofollow noopener\" target=\"_blank\">https:\/\/www.facebook.com\/JunientEstudiDental<\/a> <\/p>\t\t\t\t\t\t\t\t<\/div>\n\t\t\t\t<\/div>\n\t\t\t\t<\/div>\n\t\t\t\t\t<\/div>\n\t\t\t\t<\/div>\n\t\t\t\t<\/div>\n\t\t","protected":false},"excerpt":{"rendered":"<p>Politique des r\u00e9seaux sociaux Conform\u00e9ment au R\u00c8GLEMENT (UE) 2016\/679 du Parlement europ\u00e9en et du Conseil du 27 avril 2016 relatif \u00e0 la protection des personnes physiques \u00e0 l&rsquo;\u00e9gard du traitement des donn\u00e9es \u00e0 caract\u00e8re personnel, \u00e0 la Loi Organique 3\/2018 du 5 d\u00e9cembre sur la protection des donn\u00e9es personnelles et la garantie des droits num\u00e9riques, [&hellip;]<\/p>\n","protected":false},"author":1,"featured_media":0,"parent":0,"menu_order":14,"comment_status":"closed","ping_status":"closed","template":"","meta":{"site-sidebar-layout":"no-sidebar","site-content-layout":"page-builder","ast-site-content-layout":"full-width-container","site-content-style":"default","site-sidebar-style":"default","ast-global-header-display":"","ast-banner-title-visibility":"","ast-main-header-display":"","ast-hfb-above-header-display":"","ast-hfb-below-header-display":"","ast-hfb-mobile-header-display":"","site-post-title":"disabled","ast-breadcrumbs-content":"","ast-featured-img":"disabled","footer-sml-layout":"","ast-disable-related-posts":"","theme-transparent-header-meta":"","adv-header-id-meta":"","stick-header-meta":"","header-above-stick-meta":"","header-main-stick-meta":"","header-below-stick-meta":"","astra-migrate-meta-layouts":"default","ast-page-background-enabled":"default","ast-page-background-meta":{"desktop":{"background-color":"var(--ast-global-color-4)","background-image":"","background-repeat":"repeat","background-position":"center center","background-size":"auto","background-attachment":"scroll","background-type":"","background-media":"","overlay-type":"","overlay-color":"","overlay-opacity":"","overlay-gradient":""},"tablet":{"background-color":"","background-image":"","background-repeat":"repeat","background-position":"center center","background-size":"auto","background-attachment":"scroll","background-type":"","background-media":"","overlay-type":"","overlay-color":"","overlay-opacity":"","overlay-gradient":""},"mobile":{"background-color":"","background-image":"","background-repeat":"repeat","background-position":"center center","background-size":"auto","background-attachment":"scroll","background-type":"","background-media":"","overlay-type":"","overlay-color":"","overlay-opacity":"","overlay-gradient":""}},"ast-content-background-meta":{"desktop":{"background-color":"var(--ast-global-color-5)","background-image":"","background-repeat":"repeat","background-position":"center center","background-size":"auto","background-attachment":"scroll","background-type":"","background-media":"","overlay-type":"","overlay-color":"","overlay-opacity":"","overlay-gradient":""},"tablet":{"background-color":"var(--ast-global-color-5)","background-image":"","background-repeat":"repeat","background-position":"center center","background-size":"auto","background-attachment":"scroll","background-type":"","background-media":"","overlay-type":"","overlay-color":"","overlay-opacity":"","overlay-gradient":""},"mobile":{"background-color":"var(--ast-global-color-5)","background-image":"","background-repeat":"repeat","background-position":"center center","background-size":"auto","background-attachment":"scroll","background-type":"","background-media":"","overlay-type":"","overlay-color":"","overlay-opacity":"","overlay-gradient":""}},"_joinchat":[],"footnotes":""},"class_list":["post-12852","page","type-page","status-publish","hentry"],"_links":{"self":[{"href":"https:\/\/desarrollo7.optimaweb.es\/fr\/wp-json\/wp\/v2\/pages\/12852","targetHints":{"allow":["GET"]}}],"collection":[{"href":"https:\/\/desarrollo7.optimaweb.es\/fr\/wp-json\/wp\/v2\/pages"}],"about":[{"href":"https:\/\/desarrollo7.optimaweb.es\/fr\/wp-json\/wp\/v2\/types\/page"}],"author":[{"embeddable":true,"href":"https:\/\/desarrollo7.optimaweb.es\/fr\/wp-json\/wp\/v2\/users\/1"}],"replies":[{"embeddable":true,"href":"https:\/\/desarrollo7.optimaweb.es\/fr\/wp-json\/wp\/v2\/comments?post=12852"}],"version-history":[{"count":0,"href":"https:\/\/desarrollo7.optimaweb.es\/fr\/wp-json\/wp\/v2\/pages\/12852\/revisions"}],"wp:attachment":[{"href":"https:\/\/desarrollo7.optimaweb.es\/fr\/wp-json\/wp\/v2\/media?parent=12852"}],"curies":[{"name":"wp","href":"https:\/\/api.w.org\/{rel}","templated":true}]}}